{"id":35,"date":"2026-04-12T12:11:14","date_gmt":"2026-04-12T12:11:14","guid":{"rendered":"https:\/\/ntexplore.com\/?page_id=35"},"modified":"2026-04-13T10:16:04","modified_gmt":"2026-04-13T10:16:04","slug":"a-propos","status":"publish","type":"page","link":"https:\/\/ntexplore.com\/fr_fr\/a-propos\/","title":{"rendered":"A propos"},"content":{"rendered":"\n<div class=\"wp-block-uagb-container uagb-block-9ed5e6d4 alignfull uagb-is-root-container\"><div class=\"uagb-container-inner-blocks-wrap\">\n<div class=\"wp-block-uagb-info-box uagb-block-d5b134cc uagb-infobox__content-wrap  uagb-infobox-icon-above-title uagb-infobox-image-valign-top\"><div class=\"uagb-ifb-content\"><div class=\"uagb-ifb-title-wrap\"><span class=\"uagb-ifb-title-prefix\">Voyagez avec \u00e9l\u00e9gance et confort<\/span><h1 class=\"uagb-ifb-title\">\u00c0 propos de National Travel Explore<\/h1><\/div><\/div><\/div>\n<\/div><\/div>\n\n\n\n<div class=\"wp-block-uagb-container uagb-block-43961427 alignfull uagb-is-root-container\"><div class=\"uagb-container-inner-blocks-wrap\">\n<div class=\"wp-block-uagb-container uagb-block-91de6b3c\">\n<div class=\"wp-block-uagb-info-box uagb-block-2359313e uagb-infobox__content-wrap  uagb-infobox-icon-above-title uagb-infobox-image-valign-top\"><div class=\"uagb-ifb-content\"><div class=\"uagb-ifb-title-wrap\"><span class=\"uagb-ifb-title-prefix\">Qui sommes-nous<\/span><h2 class=\"uagb-ifb-title\">Votre partenaire de transport de luxe<\/h2><\/div><\/div><\/div>\n\n\n\n<div class=\"wp-block-uagb-info-box uagb-block-3e6b189a uagb-infobox__content-wrap  uagb-infobox-icon-above-title uagb-infobox-image-valign-top\"><div class=\"uagb-ifb-content\"><div class=\"uagb-ifb-title-wrap\"><h3 class=\"uagb-ifb-title-prefix\">National Travel Explore offre des services de transport de luxe sur mesure pour les particuliers et les entreprises.<\/h3><p class=\"uagb-ifb-title\">Nous nous engageons \u00e0 fournir une exp\u00e9rience de transport hors pair en combinant confort, s\u00e9curit\u00e9 et professionnalisme. Nos chauffeurs exp\u00e9riment\u00e9s et notre flotte premium garantissent des trajets inoubliables. Que ce soit pour des transferts a\u00e9roportuaires, des \u00e9v\u00e9nements sp\u00e9ciaux ou des circuits touristiques, nous sommes l\u00e0 pour r\u00e9pondre \u00e0 vos besoins. R\u00e9compens\u00e9 pour notre excellence, nous sommes le choix de confiance au Maroc.<\/p><\/div><p class=\"uagb-ifb-desc\">National Travel Explore offre des services de transport premium au Maroc, alliant confort et s\u00e9curit\u00e9. Gr\u00e2ce \u00e0 une flotte haut de gamme et des chauffeurs professionnels, nous avons transform\u00e9 les d\u00e9placements de nos clients en exp\u00e9riences m\u00e9morables et de confiance.<\/p><\/div><\/div>\n<\/div>\n\n\n\n<div class=\"wp-block-uagb-image alignleft uagb-block-aa6e2cb7 wp-block-uagb-image--layout-default wp-block-uagb-image--effect-static wp-block-uagb-image--align-left\"><figure class=\"wp-block-uagb-image__figure\"><img decoding=\"async\" srcset=\"https:\/\/ntexplore.com\/wp-content\/uploads\/2026\/04\/service-entreprise.png ,https:\/\/ntexplore.com\/wp-content\/uploads\/2024\/02\/mission-1024x400.jpg 780w, https:\/\/ntexplore.com\/wp-content\/uploads\/2024\/02\/mission-1024x400.jpg 360w\" sizes=\"auto, (max-width: 480px) 150px\" src=\"https:\/\/ntexplore.com\/wp-content\/uploads\/2026\/04\/service-entreprise.png\" alt=\"service-entreprise\" class=\"uag-image-430\" width=\"1200\" height=\"450\" title=\"A propos\" loading=\"lazy\" role=\"img\"><\/figure><\/div>\n\n\n\n<div class=\"wp-block-uagb-container uagb-block-3f9cf3b8\">\n<div class=\"wp-block-uagb-info-box uagb-block-4bbc11b0 uagb-infobox__content-wrap  uagb-infobox-icon-above-title uagb-infobox-image-valign-top\"><div class=\"uagb-ifb-content\"><div class=\"uagb-ifb-title-wrap\"><span class=\"uagb-ifb-title-prefix\">Notre engagement<\/span><h3 class=\"uagb-ifb-title\">Mission de l&rsquo;entreprise<\/h3><\/div><p class=\"uagb-ifb-desc\">Notre mission est de fournir des services de transport de luxe, garantissant la qualit\u00e9 et la fiabilit\u00e9 \u00e0 chaque trajet. Nous nous effor\u00e7ons d&rsquo;offrir une exp\u00e9rience client in\u00e9gal\u00e9e, en faisant de chaque d\u00e9placement un moment de pur confort.<\/p><\/div><\/div>\n\n\n\n<div class=\"wp-block-uagb-info-box uagb-block-eba12409 uagb-infobox__content-wrap  uagb-infobox-icon-above-title uagb-infobox-image-valign-top\"><div class=\"uagb-ifb-content\"><div class=\"uagb-ifb-title-wrap\"><span class=\"uagb-ifb-title-prefix\">Nos principes fondamentaux<\/span><h3 class=\"uagb-ifb-title\">Valeurs de l&rsquo;entreprise<\/h3><\/div><p class=\"uagb-ifb-desc\">Nous croyons en l&rsquo;int\u00e9grit\u00e9, l&rsquo;excellence et la satisfaction client. Chaque membre de notre \u00e9quipe s&rsquo;engage \u00e0 offrir un service irr\u00e9prochable, renfor\u00e7ant la confiance et la fid\u00e9lit\u00e9 de nos clients \u00e0 travers des solutions de transport sur mesure.<\/p><\/div><\/div>\n<\/div>\n<\/div><\/div>\n\n\n\n<div class=\"wp-block-uagb-container uagb-block-6f310176 alignfull uagb-is-root-container\"><div class=\"uagb-container-inner-blocks-wrap\">\n<div class=\"wp-block-uagb-container uagb-block-5962c3bc\">\n<div class=\"wp-block-uagb-info-box uagb-block-31e33fee uagb-infobox__content-wrap  uagb-infobox-icon-above-title uagb-infobox-image-valign-top\"><div class=\"uagb-ifb-content\"><div class=\"uagb-ifb-title-wrap\"><span class=\"uagb-ifb-title-prefix\">Questions fr\u00e9quentes<\/span><h2 class=\"uagb-ifb-title\">R\u00e9ponses \u00e0 vos interrogations<\/h2><\/div><\/div><\/div>\n\n\n<div class=\"wp-block-uagb-faq uagb-faq__outer-wrap uagb-block-0c5731f4 uagb-faq-icon-row-reverse uagb-faq-layout-accordion uagb-faq-expand-first-true uagb-faq-inactive-other-true uagb-faq__wrap uagb-buttons-layout-wrap uagb-faq-equal-height     \" data-faqtoggle=\"true\" role=\"tablist\"><div class=\"wp-block-uagb-faq-child uagb-faq-child__outer-wrap uagb-faq-item uagb-block-8a302e01 \" role=\"tab\" tabindex=\"0\"><div class=\"uagb-faq-questions-button uagb-faq-questions\">\t\t\t<span class=\"uagb-icon uagb-faq-icon-wrap\">\n\t\t\t\t\t\t\t\t<svg xmlns=\"https:\/\/www.w3.org\/2000\/svg\" viewBox= \"0 0 384 512\"><path d=\"M192 384c-8.188 0-16.38-3.125-22.62-9.375l-160-160c-12.5-12.5-12.5-32.75 0-45.25s32.75-12.5 45.25 0L192 306.8l137.4-137.4c12.5-12.5 32.75-12.5 45.25 0s12.5 32.75 0 45.25l-160 160C208.4 380.9 200.2 384 192 384z\"><\/path><\/svg>\n\t\t\t\t\t\t\t<\/span>\n\t\t\t\t\t\t<span class=\"uagb-icon-active uagb-faq-icon-wrap\">\n\t\t\t\t\t\t\t\t<svg xmlns=\"https:\/\/www.w3.org\/2000\/svg\" viewBox= \"0 0 384 512\"><path d=\"M352 352c-8.188 0-16.38-3.125-22.62-9.375L192 205.3l-137.4 137.4c-12.5 12.5-32.75 12.5-45.25 0s-12.5-32.75 0-45.25l160-160c12.5-12.5 32.75-12.5 45.25 0l160 160c12.5 12.5 12.5 32.75 0 45.25C368.4 348.9 360.2 352 352 352z\"><\/path><\/svg>\n\t\t\t\t\t\t\t<\/span>\n\t\t\t<p class=\"uagb-question\">Quels types de services offrez-vous?<\/p><\/div><div class=\"uagb-faq-content\"><p>Nous offrons un large \u00e9ventail de services, y compris le transfert d&rsquo;a\u00e9roport, la mise \u00e0 disposition de chauffeurs priv\u00e9s, le transport \u00e9v\u00e9nementiel, ainsi que des circuits touristiques sur mesure pour d\u00e9couvrir le Maroc en toute \u00e9l\u00e9gance.<\/p><\/div><\/div><div class=\"wp-block-uagb-faq-child uagb-faq-child__outer-wrap uagb-faq-item uagb-block-cef63c6f \" role=\"tab\" tabindex=\"0\"><div class=\"uagb-faq-questions-button uagb-faq-questions\">\t\t\t<span class=\"uagb-icon uagb-faq-icon-wrap\">\n\t\t\t\t\t\t\t\t<svg xmlns=\"https:\/\/www.w3.org\/2000\/svg\" viewBox= \"0 0 384 512\"><path d=\"M192 384c-8.188 0-16.38-3.125-22.62-9.375l-160-160c-12.5-12.5-12.5-32.75 0-45.25s32.75-12.5 45.25 0L192 306.8l137.4-137.4c12.5-12.5 32.75-12.5 45.25 0s12.5 32.75 0 45.25l-160 160C208.4 380.9 200.2 384 192 384z\"><\/path><\/svg>\n\t\t\t\t\t\t\t<\/span>\n\t\t\t\t\t\t<span class=\"uagb-icon-active uagb-faq-icon-wrap\">\n\t\t\t\t\t\t\t\t<svg xmlns=\"https:\/\/www.w3.org\/2000\/svg\" viewBox= \"0 0 384 512\"><path d=\"M352 352c-8.188 0-16.38-3.125-22.62-9.375L192 205.3l-137.4 137.4c-12.5 12.5-32.75 12.5-45.25 0s-12.5-32.75 0-45.25l160-160c12.5-12.5 32.75-12.5 45.25 0l160 160c12.5 12.5 12.5 32.75 0 45.25C368.4 348.9 360.2 352 352 352z\"><\/path><\/svg>\n\t\t\t\t\t\t\t<\/span>\n\t\t\t<p class=\"uagb-question\">Comment r\u00e9server un service?<\/p><\/div><div class=\"uagb-faq-content\"><p>La r\u00e9servation d&rsquo;un service est simple et rapide. Vous pouvez remplir notre formulaire en ligne ou nous contacter directement via WhatsApp pour un service personnalis\u00e9 adapt\u00e9 \u00e0 vos besoins.<\/p><\/div><\/div><div class=\"wp-block-uagb-faq-child uagb-faq-child__outer-wrap uagb-faq-item uagb-block-f6a73cb6 \" role=\"tab\" tabindex=\"0\"><div class=\"uagb-faq-questions-button uagb-faq-questions\">\t\t\t<span class=\"uagb-icon uagb-faq-icon-wrap\">\n\t\t\t\t\t\t\t\t<svg xmlns=\"https:\/\/www.w3.org\/2000\/svg\" viewBox= \"0 0 384 512\"><path d=\"M192 384c-8.188 0-16.38-3.125-22.62-9.375l-160-160c-12.5-12.5-12.5-32.75 0-45.25s32.75-12.5 45.25 0L192 306.8l137.4-137.4c12.5-12.5 32.75-12.5 45.25 0s12.5 32.75 0 45.25l-160 160C208.4 380.9 200.2 384 192 384z\"><\/path><\/svg>\n\t\t\t\t\t\t\t<\/span>\n\t\t\t\t\t\t<span class=\"uagb-icon-active uagb-faq-icon-wrap\">\n\t\t\t\t\t\t\t\t<svg xmlns=\"https:\/\/www.w3.org\/2000\/svg\" viewBox= \"0 0 384 512\"><path d=\"M352 352c-8.188 0-16.38-3.125-22.62-9.375L192 205.3l-137.4 137.4c-12.5 12.5-32.75 12.5-45.25 0s-12.5-32.75 0-45.25l160-160c12.5-12.5 32.75-12.5 45.25 0l160 160c12.5 12.5 12.5 32.75 0 45.25C368.4 348.9 360.2 352 352 352z\"><\/path><\/svg>\n\t\t\t\t\t\t\t<\/span>\n\t\t\t<p class=\"uagb-question\">Quels types de v\u00e9hicules proposez-vous?<\/p><\/div><div class=\"uagb-faq-content\"><p>Nous proposons une flotte vari\u00e9e, incluant des berlines, vans, minibus et bus, tous con\u00e7us pour offrir un maximum de confort et de luxe, quel que soit le nombre de passagers.<\/p><\/div><\/div><\/div><\/div>\n\n\n\n<div class=\"wp-block-uagb-container uagb-block-892c8053\">\n<div class=\"wp-block-uagb-image alignleft uagb-block-8c89d0eb wp-block-uagb-image--layout-default wp-block-uagb-image--effect-static wp-block-uagb-image--align-left\"><figure class=\"wp-block-uagb-image__figure\"><img decoding=\"async\" srcset=\"https:\/\/ntexplore.com\/wp-content\/uploads\/2026\/04\/fond-decran.png ,https:\/\/ntexplore.com\/wp-content\/uploads\/2026\/04\/fond-decran.png 780w, https:\/\/ntexplore.com\/wp-content\/uploads\/2026\/04\/fond-decran.png 360w\" sizes=\"auto, (max-width: 480px) 150px\" src=\"https:\/\/ntexplore.com\/wp-content\/uploads\/2026\/04\/fond-decran.png\" alt=\"fond-decran\" class=\"uag-image-433\" width=\"600\" height=\"500\" title=\"A propos\" loading=\"lazy\" role=\"img\"><\/figure><\/div>\n<\/div>\n<\/div><\/div>\n\n\n\n<div class=\"wp-block-uagb-container uagb-block-b684870f alignfull uagb-is-root-container\"><div class=\"uagb-container-inner-blocks-wrap\">\n<div class=\"wp-block-uagb-info-box uagb-block-f83a47d8 uagb-infobox__content-wrap  uagb-infobox-icon-above-title uagb-infobox-image-valign-top\"><div class=\"uagb-ifb-content\"><div class=\"uagb-ifb-title-wrap\"><span class=\"uagb-ifb-title-prefix\">Pr\u00eat \u00e0 voyager ?<\/span><h2 class=\"uagb-ifb-title\">R\u00e9servez votre transport de luxe d\u00e8s aujourd&rsquo;hui !<\/h2><\/div><p class=\"uagb-ifb-desc\">Contactez-nous pour une exp\u00e9rience de voyage in\u00e9gal\u00e9e et un service exceptionnel.<\/p><div class=\"uagb-ifb-button-wrapper wp-block-button\"><a href=\"\/reserver\/\" class=\"uagb-infobox-cta-link wp-block-button__link\" target=\"_self\" rel=\"noopener noreferrer\" onclick=\"return true;\"><span class=\"uagb-inline-editing\">R\u00e9server maintenant<\/span><\/a><\/div><\/div><\/div>\n<\/div><\/div>\n","protected":false},"excerpt":{"rendered":"","protected":false},"author":6,"featured_media":0,"parent":0,"menu_order":0,"comment_status":"closed","ping_status":"closed","template":"","meta":{"_uag_custom_page_level_css":"","site-sidebar-layout":"default","site-content-layout":"","ast-site-content-layout":"default","site-content-style":"default","site-sidebar-style":"default","ast-global-header-display":"","ast-banner-title-visibility":"","ast-main-header-display":"","ast-hfb-above-header-display":"","ast-hfb-below-header-display":"","ast-hfb-mobile-header-display":"","site-post-title":"disabled","ast-breadcrumbs-content":"","ast-featured-img":"","footer-sml-layout":"","ast-disable-related-posts":"","theme-transparent-header-meta":"enabled","adv-header-id-meta":"","stick-header-meta":"","header-above-stick-meta":"","header-main-stick-meta":"","header-below-stick-meta":"","astra-migrate-meta-layouts":"default","ast-page-background-enabled":"default","ast-page-background-meta":{"desktop":{"background-color":"var(--ast-global-color-4)","background-image":"","background-repeat":"repeat","background-position":"center center","background-size":"auto","background-attachment":"scroll","background-type":"","background-media":"","overlay-type":"","overlay-color":"","overlay-opacity":"","overlay-gradient":""},"tablet":{"background-color":"","background-image":"","background-repeat":"repeat","background-position":"center center","background-size":"auto","background-attachment":"scroll","background-type":"","background-media":"","overlay-type":"","overlay-color":"","overlay-opacity":"","overlay-gradient":""},"mobile":{"background-color":"","background-image":"","background-repeat":"repeat","background-position":"center center","background-size":"auto","background-attachment":"scroll","background-type":"","background-media":"","overlay-type":"","overlay-color":"","overlay-opacity":"","overlay-gradient":""}},"ast-content-background-meta":{"desktop":{"background-color":"var(--ast-global-color-5)","background-image":"","background-repeat":"repeat","background-position":"center center","background-size":"auto","background-attachment":"scroll","background-type":"","background-media":"","overlay-type":"","overlay-color":"","overlay-opacity":"","overlay-gradient":""},"tablet":{"background-color":"var(--ast-global-color-5)","background-image":"","background-repeat":"repeat","background-position":"center center","background-size":"auto","background-attachment":"scroll","background-type":"","background-media":"","overlay-type":"","overlay-color":"","overlay-opacity":"","overlay-gradient":""},"mobile":{"background-color":"var(--ast-global-color-5)","background-image":"","background-repeat":"repeat","background-position":"center center","background-size":"auto","background-attachment":"scroll","background-type":"","background-media":"","overlay-type":"","overlay-color":"","overlay-opacity":"","overlay-gradient":""}},"footnotes":""},"class_list":["post-35","page","type-page","status-publish","hentry"],"uagb_featured_image_src":{"full":false,"thumbnail":false,"medium":false,"medium_large":false,"large":false,"1536x1536":false,"2048x2048":false,"trp-custom-language-flag":false},"uagb_author_info":{"display_name":"uer4uhdbcikk","author_link":"https:\/\/ntexplore.com\/fr_fr\/author\/uer4uhdbcikk\/"},"uagb_comment_info":0,"uagb_excerpt":null,"_links":{"self":[{"href":"https:\/\/ntexplore.com\/fr_fr\/wp-json\/wp\/v2\/pages\/35","targetHints":{"allow":["GET"]}}],"collection":[{"href":"https:\/\/ntexplore.com\/fr_fr\/wp-json\/wp\/v2\/pages"}],"about":[{"href":"https:\/\/ntexplore.com\/fr_fr\/wp-json\/wp\/v2\/types\/page"}],"author":[{"embeddable":true,"href":"https:\/\/ntexplore.com\/fr_fr\/wp-json\/wp\/v2\/users\/6"}],"replies":[{"embeddable":true,"href":"https:\/\/ntexplore.com\/fr_fr\/wp-json\/wp\/v2\/comments?post=35"}],"version-history":[{"count":2,"href":"https:\/\/ntexplore.com\/fr_fr\/wp-json\/wp\/v2\/pages\/35\/revisions"}],"predecessor-version":[{"id":477,"href":"https:\/\/ntexplore.com\/fr_fr\/wp-json\/wp\/v2\/pages\/35\/revisions\/477"}],"wp:attachment":[{"href":"https:\/\/ntexplore.com\/fr_fr\/wp-json\/wp\/v2\/media?parent=35"}],"curies":[{"name":"wp","href":"https:\/\/api.w.org\/{rel}","templated":true}]}}