{"id":36,"date":"2026-04-12T12:11:14","date_gmt":"2026-04-12T12:11:14","guid":{"rendered":"https:\/\/ntexplore.com\/?page_id=36"},"modified":"2026-04-12T12:11:14","modified_gmt":"2026-04-12T12:11:14","slug":"services","status":"publish","type":"page","link":"https:\/\/ntexplore.com\/fr_fr\/services\/","title":{"rendered":"Services"},"content":{"rendered":"\n<div class=\"wp-block-uagb-container uagb-block-9ed5e6d4 alignfull uagb-is-root-container\"><div class=\"uagb-container-inner-blocks-wrap\">\n<div class=\"wp-block-uagb-info-box uagb-block-d5b134cc uagb-infobox__content-wrap  uagb-infobox-icon-above-title uagb-infobox-image-valign-top\"><div class=\"uagb-ifb-content\"><div class=\"uagb-ifb-title-wrap\"><span class=\"uagb-ifb-title-prefix\">Nos Services<\/span><h1 class=\"uagb-ifb-title\">D\u00e9couvrez nos offres exclusives de transport<\/h1><\/div><\/div><\/div>\n<\/div><\/div>\n\n\n\n<div class=\"wp-block-uagb-container uagb-block-48009aef alignfull uagb-is-root-container\"><div class=\"uagb-container-inner-blocks-wrap\">\n<div class=\"wp-block-uagb-container uagb-block-5250fd34\">\n<div class=\"wp-block-uagb-container uagb-block-e2a91d97\">\n<div class=\"wp-block-uagb-image alignleft uagb-block-8590ae9a wp-block-uagb-image--layout-default wp-block-uagb-image--effect-static wp-block-uagb-image--align-left\"><figure class=\"wp-block-uagb-image__figure\"><img decoding=\"async\" srcset=\"https:\/\/ntexplore.com\/wp-content\/uploads\/2026\/04\/mercedes-benz-car-parked-beside-building-9438655.jpeg ,https:\/\/ntexplore.com\/wp-content\/uploads\/2026\/04\/mercedes-benz-car-parked-beside-building-9438655.jpeg 780w, https:\/\/ntexplore.com\/wp-content\/uploads\/2026\/04\/mercedes-benz-car-parked-beside-building-9438655.jpeg 360w\" sizes=\"auto, (max-width: 480px) 150px\" src=\"https:\/\/ntexplore.com\/wp-content\/uploads\/2026\/04\/mercedes-benz-car-parked-beside-building-9438655.jpeg\" alt=\"A luxury Mercedes Benz parked outdoors in Moscow with people in the background, urban lifestyle shot.\" class=\"uag-image-438\" width=\"600\" height=\"450\" title=\"Services\" loading=\"lazy\" role=\"img\"><\/figure><\/div>\n\n\n\n<div class=\"wp-block-uagb-info-box uagb-block-3c7afed0 uagb-infobox__content-wrap  uagb-infobox-icon-above-title uagb-infobox-image-valign-top\"><div class=\"uagb-ifb-content\"><div class=\"uagb-ifb-title-wrap\"><span class=\"uagb-ifb-title-prefix\">01.<\/span><h2 class=\"uagb-ifb-title\">Transfert A\u00e9roport<\/h2><\/div><p class=\"uagb-ifb-desc\">Profitez d&rsquo;un service de transfert a\u00e9roport haut de gamme avec National Travel Explore. Nos chauffeurs exp\u00e9riment\u00e9s vous attendront \u00e0 votre arriv\u00e9e, facilitant votre passage en toute tranquillit\u00e9. Les v\u00e9hicules sont modernes, confortables et adapt\u00e9s \u00e0 vos besoins, garantissant un trajet agr\u00e9able et sans stress. Nous vous offrons \u00e9galement la flexibilit\u00e9 pour modifier vos r\u00e9servations selon votre emploi du temps. Laissez-nous prendre en charge vos transferts pour que vous puissiez vous concentrer sur vos projets.<\/p><\/div><\/div>\n<\/div>\n\n\n\n<div class=\"wp-block-uagb-container uagb-block-39480438\">\n<div class=\"wp-block-uagb-image alignleft uagb-block-c0169bf8 wp-block-uagb-image--layout-default wp-block-uagb-image--effect-static wp-block-uagb-image--align-left\"><figure class=\"wp-block-uagb-image__figure\"><img decoding=\"async\" srcset=\"https:\/\/ntexplore.com\/wp-content\/uploads\/2026\/04\/woman-inside-a-vehicle-8424936.jpeg ,https:\/\/ntexplore.com\/wp-content\/uploads\/2026\/04\/woman-inside-a-vehicle-8424936.jpeg 780w, https:\/\/ntexplore.com\/wp-content\/uploads\/2026\/04\/woman-inside-a-vehicle-8424936.jpeg 360w\" sizes=\"auto, (max-width: 480px) 150px\" src=\"https:\/\/ntexplore.com\/wp-content\/uploads\/2026\/04\/woman-inside-a-vehicle-8424936.jpeg\" alt=\"Confident senior woman sitting in a black luxury car, exuding elegance and success.\" class=\"uag-image-437\" width=\"600\" height=\"350\" title=\"Services\" loading=\"lazy\" role=\"img\"><\/figure><\/div>\n\n\n\n<div class=\"wp-block-uagb-info-box uagb-block-57760dfc uagb-infobox__content-wrap  uagb-infobox-icon-above-title uagb-infobox-image-valign-top\"><div class=\"uagb-ifb-content\"><div class=\"uagb-ifb-title-wrap\"><span class=\"uagb-ifb-title-prefix\">02.<\/span><h2 class=\"uagb-ifb-title\">Mise \u00e0 Disposition<\/h2><\/div><p class=\"uagb-ifb-desc\">B\u00e9n\u00e9ficiez d&rsquo;un chauffeur priv\u00e9 \u00e0 l&rsquo;heure ou \u00e0 la journ\u00e9e avec notre service de mise \u00e0 disposition. Que ce soit pour des rendez-vous d&rsquo;affaires ou des explorations touristiques, nos chauffeurs connaissent parfaitement la r\u00e9gion et garantiront une exp\u00e9rience agr\u00e9able. Nos v\u00e9hicules sont con\u00e7us pour le confort et la discr\u00e9tion, r\u00e9pondant ainsi \u00e0 toutes vos exigences professionnelles ou personnelles. Nous nous engageons \u00e0 vous offrir une flexibilit\u00e9 totale et un service sur mesure.<\/p><\/div><\/div>\n<\/div>\n<\/div>\n\n\n\n<div class=\"wp-block-uagb-container uagb-block-58944a93\">\n<div class=\"wp-block-uagb-container uagb-block-62a31330\">\n<div class=\"wp-block-uagb-image alignleft uagb-block-28a63686 wp-block-uagb-image--layout-default wp-block-uagb-image--effect-static wp-block-uagb-image--align-left\"><figure class=\"wp-block-uagb-image__figure\"><img decoding=\"async\" srcset=\"https:\/\/ntexplore.com\/wp-content\/uploads\/2026\/04\/transfere-aeroport.png ,https:\/\/ntexplore.com\/wp-content\/uploads\/2026\/04\/transfere-aeroport.png 780w, https:\/\/ntexplore.com\/wp-content\/uploads\/2026\/04\/transfere-aeroport.png 360w\" sizes=\"auto, (max-width: 480px) 150px\" src=\"https:\/\/ntexplore.com\/wp-content\/uploads\/2026\/04\/transfere-aeroport.png\" alt=\"transfere-aeroport\" class=\"uag-image-428\" width=\"600\" height=\"350\" title=\"Services\" loading=\"lazy\" role=\"img\"><\/figure><\/div>\n\n\n\n<div class=\"wp-block-uagb-info-box uagb-block-b870fe7d uagb-infobox__content-wrap  uagb-infobox-icon-above-title uagb-infobox-image-valign-top\"><div class=\"uagb-ifb-content\"><div class=\"uagb-ifb-title-wrap\"><span class=\"uagb-ifb-title-prefix\">03.<\/span><h2 class=\"uagb-ifb-title\">Transport \u00c9v\u00e9nementiel<\/h2><\/div><p class=\"uagb-ifb-desc\">Nous proposons des solutions de transport sur mesure pour vos \u00e9v\u00e9nements, qu&rsquo;il s&rsquo;agisse de mariages, de conf\u00e9rences ou de r\u00e9ceptions d&rsquo;entreprise. Notre \u00e9quipe professionnelle met tout en \u0153uvre pour garantir que vos invit\u00e9s b\u00e9n\u00e9ficient d&rsquo;une exp\u00e9rience unique d\u00e8s leur arriv\u00e9e. Gr\u00e2ce \u00e0 notre flotte de v\u00e9hicules luxueux, nous pouvons accueillir de petits comme de grands groupes avec le plus grand soin. Laissez-nous g\u00e9rer le transport de vos invit\u00e9s pour un \u00e9v\u00e9nement r\u00e9ussi et m\u00e9morable.<\/p><\/div><\/div>\n<\/div>\n\n\n\n<div class=\"wp-block-uagb-container uagb-block-a474bc71\">\n<div class=\"wp-block-uagb-image alignleft uagb-block-616a26fd wp-block-uagb-image--layout-default wp-block-uagb-image--effect-static wp-block-uagb-image--align-left\"><figure class=\"wp-block-uagb-image__figure\"><img decoding=\"async\" srcset=\"https:\/\/ntexplore.com\/wp-content\/uploads\/2026\/04\/circuit-touristique.png ,https:\/\/ntexplore.com\/wp-content\/uploads\/2026\/04\/circuit-touristique.png 780w, https:\/\/ntexplore.com\/wp-content\/uploads\/2026\/04\/circuit-touristique.png 360w\" sizes=\"auto, (max-width: 480px) 150px\" src=\"https:\/\/ntexplore.com\/wp-content\/uploads\/2026\/04\/circuit-touristique.png\" alt=\"circuit-touristique\" class=\"uag-image-429\" width=\"600\" height=\"450\" title=\"Services\" loading=\"lazy\" role=\"img\"><\/figure><\/div>\n\n\n\n<div class=\"wp-block-uagb-info-box uagb-block-65a70ccb uagb-infobox__content-wrap  uagb-infobox-icon-above-title uagb-infobox-image-valign-top\"><div class=\"uagb-ifb-content\"><div class=\"uagb-ifb-title-wrap\"><span class=\"uagb-ifb-title-prefix\">04.<\/span><h2 class=\"uagb-ifb-title\">Circuits Touristiques<\/h2><\/div><p class=\"uagb-ifb-desc\">D\u00e9couvrez la beaut\u00e9 du Maroc avec nos circuits touristiques personnalis\u00e9s. Nous offrons des visites guid\u00e9es vers les destinations les plus embl\u00e9matiques, comprenant des arr\u00eats dans des lieux majestueux et culturels. Chaque circuit est con\u00e7u pour maximiser votre exp\u00e9rience et vous donner un aper\u00e7u authentique du pays. Nos chauffeurs vous fourniront des informations locales et des anecdotes passionnantes tout au long du trajet. Explorez le Maroc avec le confort et le luxe que vous m\u00e9ritez.<\/p><\/div><\/div>\n<\/div>\n<\/div>\n<\/div><\/div>\n\n\n\n<div class=\"wp-block-uagb-container uagb-block-b684870f alignfull uagb-is-root-container\"><div class=\"uagb-container-inner-blocks-wrap\">\n<div class=\"wp-block-uagb-info-box uagb-block-f83a47d8 uagb-infobox__content-wrap  uagb-infobox-icon-above-title uagb-infobox-image-valign-top\"><div class=\"uagb-ifb-content\"><div class=\"uagb-ifb-title-wrap\"><span class=\"uagb-ifb-title-prefix\">Pr\u00eat \u00e0 voyager ?<\/span><h2 class=\"uagb-ifb-title\">R\u00e9servez votre transport de luxe d\u00e8s aujourd&rsquo;hui !<\/h2><\/div><p class=\"uagb-ifb-desc\">Contactez-nous pour une exp\u00e9rience de voyage in\u00e9gal\u00e9e et un service exceptionnel.<\/p><div class=\"uagb-ifb-button-wrapper wp-block-button\"><a href=\"\/reserver\/\" class=\"uagb-infobox-cta-link wp-block-button__link\" target=\"_self\" rel=\"noopener noreferrer\" onclick=\"return true;\"><span class=\"uagb-inline-editing\">R\u00e9server maintenant<\/span><\/a><\/div><\/div><\/div>\n<\/div><\/div>\n","protected":false},"excerpt":{"rendered":"","protected":false},"author":6,"featured_media":0,"parent":0,"menu_order":0,"comment_status":"closed","ping_status":"closed","template":"","meta":{"_uag_custom_page_level_css":"","site-sidebar-layout":"default","site-content-layout":"","ast-site-content-layout":"default","site-content-style":"default","site-sidebar-style":"default","ast-global-header-display":"","ast-banner-title-visibility":"","ast-main-header-display":"","ast-hfb-above-header-display":"","ast-hfb-below-header-display":"","ast-hfb-mobile-header-display":"","site-post-title":"disabled","ast-breadcrumbs-content":"","ast-featured-img":"","footer-sml-layout":"","ast-disable-related-posts":"","theme-transparent-header-meta":"enabled","adv-header-id-meta":"","stick-header-meta":"","header-above-stick-meta":"","header-main-stick-meta":"","header-below-stick-meta":"","astra-migrate-meta-layouts":"default","ast-page-background-enabled":"default","ast-page-background-meta":{"desktop":{"background-color":"var(--ast-global-color-4)","background-image":"","background-repeat":"repeat","background-position":"center center","background-size":"auto","background-attachment":"scroll","background-type":"","background-media":"","overlay-type":"","overlay-color":"","overlay-opacity":"","overlay-gradient":""},"tablet":{"background-color":"","background-image":"","background-repeat":"repeat","background-position":"center center","background-size":"auto","background-attachment":"scroll","background-type":"","background-media":"","overlay-type":"","overlay-color":"","overlay-opacity":"","overlay-gradient":""},"mobile":{"background-color":"","background-image":"","background-repeat":"repeat","background-position":"center center","background-size":"auto","background-attachment":"scroll","background-type":"","background-media":"","overlay-type":"","overlay-color":"","overlay-opacity":"","overlay-gradient":""}},"ast-content-background-meta":{"desktop":{"background-color":"var(--ast-global-color-5)","background-image":"","background-repeat":"repeat","background-position":"center center","background-size":"auto","background-attachment":"scroll","background-type":"","background-media":"","overlay-type":"","overlay-color":"","overlay-opacity":"","overlay-gradient":""},"tablet":{"background-color":"var(--ast-global-color-5)","background-image":"","background-repeat":"repeat","background-position":"center center","background-size":"auto","background-attachment":"scroll","background-type":"","background-media":"","overlay-type":"","overlay-color":"","overlay-opacity":"","overlay-gradient":""},"mobile":{"background-color":"var(--ast-global-color-5)","background-image":"","background-repeat":"repeat","background-position":"center center","background-size":"auto","background-attachment":"scroll","background-type":"","background-media":"","overlay-type":"","overlay-color":"","overlay-opacity":"","overlay-gradient":""}},"footnotes":""},"class_list":["post-36","page","type-page","status-publish","hentry"],"uagb_featured_image_src":{"full":false,"thumbnail":false,"medium":false,"medium_large":false,"large":false,"1536x1536":false,"2048x2048":false,"trp-custom-language-flag":false},"uagb_author_info":{"display_name":"uer4uhdbcikk","author_link":"https:\/\/ntexplore.com\/fr_fr\/author\/uer4uhdbcikk\/"},"uagb_comment_info":0,"uagb_excerpt":null,"_links":{"self":[{"href":"https:\/\/ntexplore.com\/fr_fr\/wp-json\/wp\/v2\/pages\/36","targetHints":{"allow":["GET"]}}],"collection":[{"href":"https:\/\/ntexplore.com\/fr_fr\/wp-json\/wp\/v2\/pages"}],"about":[{"href":"https:\/\/ntexplore.com\/fr_fr\/wp-json\/wp\/v2\/types\/page"}],"author":[{"embeddable":true,"href":"https:\/\/ntexplore.com\/fr_fr\/wp-json\/wp\/v2\/users\/6"}],"replies":[{"embeddable":true,"href":"https:\/\/ntexplore.com\/fr_fr\/wp-json\/wp\/v2\/comments?post=36"}],"version-history":[{"count":1,"href":"https:\/\/ntexplore.com\/fr_fr\/wp-json\/wp\/v2\/pages\/36\/revisions"}],"predecessor-version":[{"id":445,"href":"https:\/\/ntexplore.com\/fr_fr\/wp-json\/wp\/v2\/pages\/36\/revisions\/445"}],"wp:attachment":[{"href":"https:\/\/ntexplore.com\/fr_fr\/wp-json\/wp\/v2\/media?parent=36"}],"curies":[{"name":"wp","href":"https:\/\/api.w.org\/{rel}","templated":true}]}}