{"id":464,"date":"2026-04-13T10:08:19","date_gmt":"2026-04-13T10:08:19","guid":{"rendered":"https:\/\/ntexplore.com\/?page_id=464"},"modified":"2026-04-13T11:39:21","modified_gmt":"2026-04-13T11:39:21","slug":"flotte","status":"publish","type":"page","link":"https:\/\/ntexplore.com\/fr_fr\/flotte\/","title":{"rendered":"Flotte"},"content":{"rendered":"\n<p><\/p>\n\n\n<div data-spectra-id=\"bbgdvhfx\"\tstyle=\"overflow: visible; --spectra-background-color: var(--ast-global-color-5); --spectra-overlay-opacity: 1;\" class=\"spectra-is-root-container alignfull spectra-overlay-color spectra-overflow spectra-background-color spectra-dim-ratio wp-block-spectra-container\" data-orientation=\"vertical\"\t>\n\t\n<div data-spectra-id=\"spectra-mifrd000-gs0bpz\" style=\"overflow: visible\" class=\"spectra-overlay-color spectra-overflow wp-block-spectra-container\" data-orientation=\"vertical\">\n\t\n<div data-spectra-id=\"spectra-mifrprzd-ojqozc\" style=\"overflow: visible\" class=\"spectra-overlay-color spectra-overflow wp-block-spectra-container\" data-orientation=\"vertical\">\n\t\n\t<h2 data-spectra-id=\"spectra-mifrqjif-dq662u\" class=\"wp-block-spectra-content\">\n\t\tFlotte\t<\/h2>\n\n\n\n<\/div>\n\n\n<div data-spectra-id=\"tya69ype\" style=\"overflow: visible;--spectra-overlay-opacity: 1\" class=\"spectra-overlay-color spectra-overflow spectra-dim-ratio wp-block-spectra-container\" data-orientation=\"horizontal\">\n\t\n<div data-spectra-id=\"spectra-3f6fe57c-18c6-429a-85f1-8d78a0fd6d34\" style=\"overflow: visible\" class=\"spectra-overlay-color spectra-overflow wp-block-spectra-container\" data-orientation=\"vertical\">\n\t\n\n\n\t<h3 data-spectra-id=\"spectra-373e227e-4dfd-4ce8-a5d4-338b6aa5bedb\" style=\"--spectra-text-color: ast-global-color-2\" class=\"has-text-color spectra-text-color wp-block-spectra-content has-text-color has-ast-global-color-2-color\">\n\t\tMERCEDES Class E\t<\/h3>\n\n\n\t<p data-spectra-id=\"spectra-4332806d-4c1a-4a4b-ad40-4153317d3efe\" style=\"--spectra-text-color: ast-global-color-3\" class=\"has-text-color spectra-text-color wp-block-spectra-content has-text-color has-ast-global-color-3-color\">\n\t\tPersonnes: 3 max<br>Bagages: 3 max\t<\/p>\n\n\n\n<p class=\"has-ast-global-color-3-color has-text-color\" style=\"margin-top:0;margin-right:0;margin-bottom:0;margin-left:0;padding-top:0;padding-right:0;padding-bottom:0px;padding-left:0\">Climatisation: Oui<\/p>\n\n<\/div>\n\n\n\n<figure data-spectra-id=\"spectra-mnwzbs7o-d92ob5\" class=\"wp-block-image size-full\"><img loading=\"lazy\" decoding=\"async\" width=\"1000\" height=\"444\" src=\"https:\/\/ntexplore.com\/wp-content\/uploads\/2026\/04\/2018-Mercedes-Benz-E-Class-Coupe-Black-1.png\" alt=\"2018 mercedes benz e class coupe black\" class=\"wp-image-466\" title=\"Flotte\" srcset=\"https:\/\/ntexplore.com\/wp-content\/uploads\/2026\/04\/2018-Mercedes-Benz-E-Class-Coupe-Black-1.png 1000w, https:\/\/ntexplore.com\/wp-content\/uploads\/2026\/04\/2018-Mercedes-Benz-E-Class-Coupe-Black-1-300x133.png 300w, https:\/\/ntexplore.com\/wp-content\/uploads\/2026\/04\/2018-Mercedes-Benz-E-Class-Coupe-Black-1-768x341.png 768w\" sizes=\"auto, (max-width: 1000px) 100vw, 1000px\" \/><\/figure>\n\n<\/div>\n\n\n<div data-spectra-id=\"spectra-f5b3c931-7967-4d35-b734-aa364fb0af59\" style=\"overflow: visible;--spectra-overlay-opacity: 1\" class=\"spectra-overlay-color spectra-overflow spectra-dim-ratio wp-block-spectra-container\" data-orientation=\"horizontal\">\n\t\n\n<figure class=\"wp-block-gallery has-nested-images columns-default is-cropped wp-block-gallery-1 is-layout-flex wp-block-gallery-is-layout-flex\">\n<figure data-spectra-id=\"spectra-mnwzikj3-cy6vlz\" class=\"wp-block-image size-full\"><img loading=\"lazy\" decoding=\"async\" width=\"1560\" height=\"752\" data-id=\"467\" src=\"https:\/\/ntexplore.com\/wp-content\/uploads\/2026\/04\/Default_bp1920_1.webp\" alt=\"default bp1920 1\" class=\"wp-image-467\" title=\"Flotte\" srcset=\"https:\/\/ntexplore.com\/wp-content\/uploads\/2026\/04\/Default_bp1920_1.webp 1560w, https:\/\/ntexplore.com\/wp-content\/uploads\/2026\/04\/Default_bp1920_1-300x145.webp 300w, https:\/\/ntexplore.com\/wp-content\/uploads\/2026\/04\/Default_bp1920_1-1024x494.webp 1024w, https:\/\/ntexplore.com\/wp-content\/uploads\/2026\/04\/Default_bp1920_1-768x370.webp 768w, https:\/\/ntexplore.com\/wp-content\/uploads\/2026\/04\/Default_bp1920_1-1536x740.webp 1536w\" sizes=\"auto, (max-width: 1560px) 100vw, 1560px\" \/><\/figure>\n<\/figure>\n\n\n<div data-spectra-id=\"spectra-e80753b0-5d9a-4d6f-aea1-bba1127e3b23\" style=\"overflow: visible\" class=\"spectra-overlay-color spectra-overflow wp-block-spectra-container\" data-orientation=\"vertical\">\n\t\n\n\n\t<h3 data-spectra-id=\"spectra-7872f437-fae9-458f-8ce2-8faaf3431be7\" style=\"--spectra-text-color: ast-global-color-2\" class=\"has-text-color spectra-text-color wp-block-spectra-content has-text-color has-ast-global-color-2-color\">\n\t\tSKODA SUPERB\t<\/h3>\n\n\n\t<p data-spectra-id=\"spectra-cca2093a-b4ac-4aeb-8a2a-6eaf871c1ced\" style=\"--spectra-text-color: ast-global-color-3\" class=\"has-text-color spectra-text-color wp-block-spectra-content has-text-color has-ast-global-color-3-color\">\n\t\tPersonnes: 3 max<br>Bagages: 3 max\t<\/p>\n\n\n\n<p class=\"has-ast-global-color-3-color has-text-color\" style=\"margin-top:0;margin-right:0;margin-bottom:0;margin-left:0;padding-top:0;padding-right:0;padding-bottom:0px;padding-left:0\">Climatisation: Oui<\/p>\n\n<\/div>\n\n<\/div>\n\n\n\n<div class=\"wp-block-group is-nowrap is-layout-flex wp-container-core-group-is-layout-6c531013 wp-block-group-is-layout-flex\"><div data-spectra-id=\"spectra-a4d7f4d9-bfa9-42d4-891b-dc14565f6071\" style=\"overflow: visible\" class=\"spectra-overlay-color spectra-overflow wp-block-spectra-container\" data-orientation=\"vertical\">\n\t\n\n<div class=\"wp-block-group is-nowrap is-layout-flex wp-container-core-group-is-layout-6c531013 wp-block-group-is-layout-flex\"><\/div>\n\n\n\t<h3 data-spectra-id=\"spectra-dae7e6a1-b74d-4212-aea3-b863fe827446\" style=\"--spectra-text-color: ast-global-color-2\" class=\"has-text-color spectra-text-color wp-block-spectra-content has-text-color has-ast-global-color-2-color\">\n\t\tMERCEDES VITO\t<\/h3>\n\n\n\t<p data-spectra-id=\"spectra-bbf58a81-44d7-4af7-98a9-328eba3fb9cb\" style=\"--spectra-text-color: ast-global-color-3\" class=\"has-text-color spectra-text-color wp-block-spectra-content has-text-color has-ast-global-color-3-color\">\n\t\tPersonnes: 7 max<br>Bagages: 7 max\t<\/p>\n\n\n\n<p class=\"has-ast-global-color-3-color has-text-color\" style=\"margin-top:0;margin-right:0;margin-bottom:0;margin-left:0;padding-top:0;padding-right:0;padding-bottom:0px;padding-left:0\">Climatisation: Oui<\/p>\n\n<\/div>\n\n\n\n<figure data-spectra-id=\"spectra-6d1c7f4d-6264-48da-9a1b-c427a4624df4\" class=\"wp-block-image size-full\"><img loading=\"lazy\" decoding=\"async\" width=\"1080\" height=\"519\" src=\"https:\/\/ntexplore.com\/wp-content\/uploads\/2026\/04\/Gemini_Generated_Image_ffzswmffzswmffzs-1.png\" alt=\"gemini generated image ffzswmffzswmffzs (1)\" class=\"wp-image-468\" title=\"Flotte\" srcset=\"https:\/\/ntexplore.com\/wp-content\/uploads\/2026\/04\/Gemini_Generated_Image_ffzswmffzswmffzs-1.png 1080w, https:\/\/ntexplore.com\/wp-content\/uploads\/2026\/04\/Gemini_Generated_Image_ffzswmffzswmffzs-1-300x144.png 300w, https:\/\/ntexplore.com\/wp-content\/uploads\/2026\/04\/Gemini_Generated_Image_ffzswmffzswmffzs-1-1024x492.png 1024w, https:\/\/ntexplore.com\/wp-content\/uploads\/2026\/04\/Gemini_Generated_Image_ffzswmffzswmffzs-1-768x369.png 768w\" sizes=\"auto, (max-width: 1080px) 100vw, 1080px\" \/><\/figure>\n<\/div>\n\n\n\n<div class=\"wp-block-group is-nowrap is-layout-flex wp-container-core-group-is-layout-6c531013 wp-block-group-is-layout-flex\">\n<figure data-spectra-id=\"spectra-9d56283a-0026-4249-b953-9061a177394b\" class=\"wp-block-image size-full\"><img loading=\"lazy\" decoding=\"async\" width=\"1080\" height=\"519\" src=\"https:\/\/ntexplore.com\/wp-content\/uploads\/2026\/04\/Gemini_Generated_Image_83u46183u46183u4-1.png\" alt=\"gemini generated image 83u46183u46183u4 (1)\" class=\"wp-image-469\" title=\"Flotte\" srcset=\"https:\/\/ntexplore.com\/wp-content\/uploads\/2026\/04\/Gemini_Generated_Image_83u46183u46183u4-1.png 1080w, https:\/\/ntexplore.com\/wp-content\/uploads\/2026\/04\/Gemini_Generated_Image_83u46183u46183u4-1-300x144.png 300w, https:\/\/ntexplore.com\/wp-content\/uploads\/2026\/04\/Gemini_Generated_Image_83u46183u46183u4-1-1024x492.png 1024w, https:\/\/ntexplore.com\/wp-content\/uploads\/2026\/04\/Gemini_Generated_Image_83u46183u46183u4-1-768x369.png 768w\" sizes=\"auto, (max-width: 1080px) 100vw, 1080px\" \/><\/figure>\n\n\n<div data-spectra-id=\"spectra-81670976-479a-4f32-a60a-2eededfad8b4\" style=\"overflow: visible\" class=\"spectra-overlay-color spectra-overflow wp-block-spectra-container\" data-orientation=\"vertical\">\n\t\n\n\n\t<h3 data-spectra-id=\"spectra-e183ae6a-88b7-474f-a8ce-a058811b0336\" style=\"--spectra-text-color: ast-global-color-2\" class=\"has-text-color spectra-text-color wp-block-spectra-content has-text-color has-ast-global-color-2-color\">\n\t\tMERCEDES SPRINTER\t<\/h3>\n\n\n\t<p data-spectra-id=\"spectra-7ccf6d37-ce7c-462c-9112-eeb7bdc83812\" style=\"--spectra-text-color: ast-global-color-3\" class=\"has-text-color spectra-text-color wp-block-spectra-content has-text-color has-ast-global-color-3-color\">\n\t\tPersonnes: 17 max<br>Bagages: 20 max\t<\/p>\n\n\n\n<p class=\"has-ast-global-color-3-color has-text-color\" style=\"margin-top:0;margin-right:0;margin-bottom:0;margin-left:0;padding-top:0;padding-right:0;padding-bottom:0px;padding-left:0\">Climatisation: Oui<\/p>\n\n<\/div>\n<\/div>\n\n\n\n<div class=\"wp-block-group is-nowrap is-layout-flex wp-container-core-group-is-layout-6c531013 wp-block-group-is-layout-flex\"><div data-spectra-id=\"spectra-45cca42d-3c97-4201-a939-e1203ba4f7fc\" style=\"overflow: visible\" class=\"spectra-overlay-color spectra-overflow wp-block-spectra-container\" data-orientation=\"vertical\">\n\t\n\n\n\t<h3 data-spectra-id=\"spectra-9be55689-20b8-4b23-8dee-05a3284f8197\" style=\"--spectra-text-color: ast-global-color-2\" class=\"has-text-color spectra-text-color wp-block-spectra-content has-text-color has-ast-global-color-2-color\">\n\t\tFORD TRANSIT\t<\/h3>\n\n\n\t<p data-spectra-id=\"spectra-c7f4a0d8-c297-4186-a9c1-bd3d403c4106\" style=\"--spectra-text-color: ast-global-color-3\" class=\"has-text-color spectra-text-color wp-block-spectra-content has-text-color has-ast-global-color-3-color\">\n\t\tPersonnes: 17 max<br>Bagages: 20 max\t<\/p>\n\n\n\n<p class=\"has-ast-global-color-3-color has-text-color\" style=\"margin-top:0;margin-right:0;margin-bottom:0;margin-left:0;padding-top:0;padding-right:0;padding-bottom:0px;padding-left:0\">Climatisation: Oui<\/p>\n\n<\/div>\n\n\n\n<figure data-spectra-id=\"spectra-798f3021-75b5-4da5-9a75-76727b53b653\" class=\"wp-block-image size-full\"><img loading=\"lazy\" decoding=\"async\" width=\"1080\" height=\"519\" src=\"https:\/\/ntexplore.com\/wp-content\/uploads\/2026\/04\/Gemini_Generated_Image_7pf5ug7pf5ug7pf5-1.png\" alt=\"gemini generated image 7pf5ug7pf5ug7pf5 (1)\" class=\"wp-image-470\" title=\"Flotte\" srcset=\"https:\/\/ntexplore.com\/wp-content\/uploads\/2026\/04\/Gemini_Generated_Image_7pf5ug7pf5ug7pf5-1.png 1080w, https:\/\/ntexplore.com\/wp-content\/uploads\/2026\/04\/Gemini_Generated_Image_7pf5ug7pf5ug7pf5-1-300x144.png 300w, https:\/\/ntexplore.com\/wp-content\/uploads\/2026\/04\/Gemini_Generated_Image_7pf5ug7pf5ug7pf5-1-1024x492.png 1024w, https:\/\/ntexplore.com\/wp-content\/uploads\/2026\/04\/Gemini_Generated_Image_7pf5ug7pf5ug7pf5-1-768x369.png 768w\" sizes=\"auto, (max-width: 1080px) 100vw, 1080px\" \/><\/figure>\n<\/div>\n\n<\/div>\n\n<\/div>\n\n\n\n<div class=\"wp-block-uagb-container uagb-block-b684870f alignfull uagb-is-root-container\"><div class=\"uagb-container-inner-blocks-wrap\">\n<div class=\"wp-block-uagb-info-box uagb-block-f83a47d8 uagb-infobox__content-wrap  uagb-infobox-icon-above-title uagb-infobox-image-valign-top\"><div class=\"uagb-ifb-content\"><div class=\"uagb-ifb-title-wrap\"><span class=\"uagb-ifb-title-prefix\">Pr\u00eat \u00e0 voyager ?<\/span><h2 class=\"uagb-ifb-title\">R\u00e9servez votre transport de luxe d\u00e8s aujourd&rsquo;hui !<\/h2><\/div><p class=\"uagb-ifb-desc\">Contactez-nous pour une exp\u00e9rience de voyage in\u00e9gal\u00e9e et un service exceptionnel.<\/p><div class=\"uagb-ifb-button-wrapper wp-block-button\"><a href=\"\/reserver\/\" class=\"uagb-infobox-cta-link wp-block-button__link\" target=\"_self\" rel=\"noopener noreferrer\" onclick=\"return true;\"><span class=\"uagb-inline-editing\">R\u00e9server maintenant<\/span><\/a><\/div><\/div><\/div>\n<\/div><\/div>\n","protected":false},"excerpt":{"rendered":"","protected":false},"author":6,"featured_media":0,"parent":0,"menu_order":0,"comment_status":"closed","ping_status":"closed","template":"","meta":{"_uag_custom_page_level_css":"","site-sidebar-layout":"default","site-content-layout":"","ast-site-content-layout":"default","site-content-style":"default","site-sidebar-style":"default","ast-global-header-display":"","ast-banner-title-visibility":"","ast-main-header-display":"","ast-hfb-above-header-display":"","ast-hfb-below-header-display":"","ast-hfb-mobile-header-display":"","site-post-title":"","ast-breadcrumbs-content":"","ast-featured-img":"","footer-sml-layout":"","ast-disable-related-posts":"","theme-transparent-header-meta":"","adv-header-id-meta":"","stick-header-meta":"","header-above-stick-meta":"","header-main-stick-meta":"","header-below-stick-meta":"","astra-migrate-meta-layouts":"default","ast-page-background-enabled":"default","ast-page-background-meta":{"desktop":{"background-color":"var(--ast-global-color-4)","background-image":"","background-repeat":"repeat","background-position":"center center","background-size":"auto","background-attachment":"scroll","background-type":"","background-media":"","overlay-type":"","overlay-color":"","overlay-opacity":"","overlay-gradient":""},"tablet":{"background-color":"","background-image":"","background-repeat":"repeat","background-position":"center center","background-size":"auto","background-attachment":"scroll","background-type":"","background-media":"","overlay-type":"","overlay-color":"","overlay-opacity":"","overlay-gradient":""},"mobile":{"background-color":"","background-image":"","background-repeat":"repeat","background-position":"center center","background-size":"auto","background-attachment":"scroll","background-type":"","background-media":"","overlay-type":"","overlay-color":"","overlay-opacity":"","overlay-gradient":""}},"ast-content-background-meta":{"desktop":{"background-color":"var(--ast-global-color-5)","background-image":"","background-repeat":"repeat","background-position":"center center","background-size":"auto","background-attachment":"scroll","background-type":"","background-media":"","overlay-type":"","overlay-color":"","overlay-opacity":"","overlay-gradient":""},"tablet":{"background-color":"var(--ast-global-color-5)","background-image":"","background-repeat":"repeat","background-position":"center center","background-size":"auto","background-attachment":"scroll","background-type":"","background-media":"","overlay-type":"","overlay-color":"","overlay-opacity":"","overlay-gradient":""},"mobile":{"background-color":"var(--ast-global-color-5)","background-image":"","background-repeat":"repeat","background-position":"center center","background-size":"auto","background-attachment":"scroll","background-type":"","background-media":"","overlay-type":"","overlay-color":"","overlay-opacity":"","overlay-gradient":""}},"footnotes":""},"class_list":["post-464","page","type-page","status-publish","hentry"],"uagb_featured_image_src":{"full":false,"thumbnail":false,"medium":false,"medium_large":false,"large":false,"1536x1536":false,"2048x2048":false,"trp-custom-language-flag":false},"uagb_author_info":{"display_name":"uer4uhdbcikk","author_link":"https:\/\/ntexplore.com\/fr_fr\/author\/uer4uhdbcikk\/"},"uagb_comment_info":0,"uagb_excerpt":null,"_links":{"self":[{"href":"https:\/\/ntexplore.com\/fr_fr\/wp-json\/wp\/v2\/pages\/464","targetHints":{"allow":["GET"]}}],"collection":[{"href":"https:\/\/ntexplore.com\/fr_fr\/wp-json\/wp\/v2\/pages"}],"about":[{"href":"https:\/\/ntexplore.com\/fr_fr\/wp-json\/wp\/v2\/types\/page"}],"author":[{"embeddable":true,"href":"https:\/\/ntexplore.com\/fr_fr\/wp-json\/wp\/v2\/users\/6"}],"replies":[{"embeddable":true,"href":"https:\/\/ntexplore.com\/fr_fr\/wp-json\/wp\/v2\/comments?post=464"}],"version-history":[{"count":4,"href":"https:\/\/ntexplore.com\/fr_fr\/wp-json\/wp\/v2\/pages\/464\/revisions"}],"predecessor-version":[{"id":487,"href":"https:\/\/ntexplore.com\/fr_fr\/wp-json\/wp\/v2\/pages\/464\/revisions\/487"}],"wp:attachment":[{"href":"https:\/\/ntexplore.com\/fr_fr\/wp-json\/wp\/v2\/media?parent=464"}],"curies":[{"name":"wp","href":"https:\/\/api.w.org\/{rel}","templated":true}]}}